{"id":7064,"date":"2023-08-01T14:36:27","date_gmt":"2023-08-01T14:36:27","guid":{"rendered":"https:\/\/fmc:8890\/?page_id=7064"},"modified":"2024-08-06T23:02:02","modified_gmt":"2024-08-07T02:02:02","slug":"relatoria-tecnica-gt-primeira-infancia-conselhao","status":"publish","type":"page","link":"https:\/\/fundacaomariacecilia.org.br\/en\/o-que-fazemos\/relatoria-tecnica-gt-primeira-infancia-conselhao\/","title":{"rendered":"Technical Report to the Council\u2019s Early Childhood Working Group"},"content":{"rendered":"<section id=\"block_beb2809ff46d5e8d84f18d0aecbed923\"\n\t\t\t class=\"hero-background-axios padding-top-0 padding-bottom-0 padding-top-mobile-0 padding-bottom-mobile-0 hero-background-text relative w-full object-cover flex flex-col justify-center items-center overflow-x-hidden\">\n\t\t<div class=\"relative w-full min-h-398 flex flex-col justify-end items-center object-cover overflow-x-hidden\">\n\t\t\t\t\t\t\t\t\t\t\t\t<img decoding=\"async\" fetchpriority=\"high\"\n\t\t\t\t\t\t class=\"absolute top-0 right-0 bottom-0 w-full h-full object-cover bg-no-repeat z-0\"\n\t\t\t\t\t\t src=\"https:\/\/fundacaomariacecilia.org.br\/wp-content\/uploads\/2024\/08\/CAPA-gt-primeira-infancia-brincadeiras-foto-por-julio-cesar-fmcsv-2024.jpg\"\n\t\t\t\t\t\t srcset=\"https:\/\/fundacaomariacecilia.org.br\/wp-content\/uploads\/2024\/08\/CAPA-gt-primeira-infancia-brincadeiras-foto-por-julio-cesar-fmcsv-2024.jpg\"\n\t\t\t\t\t\t alt=\"CAPA-gt-primeira-infancia-brincadeiras-foto-por-julio-cesar-fmcsv-2024\">\n\t\t\t\t\t\t\t\t\t\t\t\t\t\t\t\t\t\t<div class=\"absolute top-0 right-0 mr-3 sm:mr-32 bg-gray-100 border-0 rounded-b-20\">\n\t\t\t\t<p class=\"text-marine text-lg px-6 font-heading font-bold text-center\">Forma de atua\u00e7\u00e3o:<\/p>\n\t\t\t\t<p class=\"text-3xl text-marine font-heading text-center px-5\">Mobilizing Leaders<\/p>\n\t\t\t\t<div class=\"popupAxiosBot h-4 border-0 rounded-b-20\"><\/div>\n\t\t\t\t\t\t\t<\/div>\n\n\t\t\t<div class=\"relative w-full flex flex-col pb-9 lg:pb-12 z-20\">\n\t\t\t\t<div class=\"container mx-auto\">\n\t\t\t\t\t\t\t\t\t\t\t\t\t\t\t\t<h2 class=\"text-2xl lg:text-5xl lg:text-5xl text-white font-heading font-bold max-w-md sm:max-w-xl 1024:max-w-4xl xl:max-w-6xl leading-none mt-4 pt-6\">\n\t\t\t\t\t\t\tRelatoria t\u00e9cnica no<br> GT Primeira Inf\u00e2ncia<br> do Conselh\u00e3o\t\t\t\t\t\t<\/h2>\n\t\t\t\t\t\t\t\t\t\t\t\t\t\t<\/div>\n\t\t\t<\/div>\n\t\t<\/div>\n\n\n\t\t<div class=\"bg-gray-100 relative w-full py-16 z-20\">\n\t\t\t<div class=\"bootstrap-wrapper container\">\n\t\t\t\t\t\t\t\t\t<div class=\"row\">\n\t\t\t\t\t\t<div class=\"col-12 px-0\">\n\t\t\t\t\t\t\t<p class=\"hero-background-axios__tag\">\n\t\t\t\t\t\t\t\t<span>Status:<\/span> Conclu\u00eddo\t\t\t\t\t\t\t<\/p>\n\t\t\t\t\t\t<\/div>\n\t\t\t\t\t<\/div>\n\t\t\t\t\n\t\t\t\t\t\t\t\t\t<ul class=\"row\">\n\t\t\t\t\t\t\t\t\t\t\t\t\t<li class=\"col-12 col-md-4\">\n\t\t\t\t\t\t\t\t\n\t\t\t\t\t\t\t\t<div class=\"mt-10\">\n\t\t\t\t\t\t\t\t\t\t\t\t\t\t\t\t\t\t\t<h3 class=\"text-xl text-marine  font-heading font-bold leading-tight\">\n\t\t\t\t\t\t\t\t\t\t\tObjetivo\t\t\t\t\t\t\t\t\t\t<\/h3>\n\t\t\t\t\t\t\t\t\t\t\t\t\t\t\t\t\t\t\t\t\t\t\t\t\t\t\t\t<p class=\"text-base text-marine leading-loose tracking-wide font-normal mt-4\">\n\t\t\t\t\t\t\t\t\t\t\tContribuir na constru\u00e7\u00e3o de diretrizes \u00e0 Pol\u00edtica Nacional Integrada para a Primeira Inf\u00e2ncia\t\t\t\t\t\t\t\t\t\t<\/p>\n\t\t\t\t\t\t\t\t\t\t\t\t\t\t\t\t\t<\/div>\n\t\t\t\t\t\t\t<\/li>\n\t\t\t\t\t\t\t\t\t\t\t\t\t<li class=\"col-12 col-md-4\">\n\t\t\t\t\t\t\t\t\n\t\t\t\t\t\t\t\t<div class=\"mt-10\">\n\t\t\t\t\t\t\t\t\t\t\t\t\t\t\t\t\t\t\t<h3 class=\"text-xl text-marine  font-heading font-bold leading-tight\">\n\t\t\t\t\t\t\t\t\t\t\tP\u00fablico\t\t\t\t\t\t\t\t\t\t<\/h3>\n\t\t\t\t\t\t\t\t\t\t\t\t\t\t\t\t\t\t\t\t\t\t\t\t\t\t\t\t<p class=\"text-base text-marine leading-loose tracking-wide font-normal mt-4\">\n\t\t\t\t\t\t\t\t\t\t\tGestores p\u00fablicos do Executivo Federal \t\t\t\t\t\t\t\t\t\t<\/p>\n\t\t\t\t\t\t\t\t\t\t\t\t\t\t\t\t\t<\/div>\n\t\t\t\t\t\t\t<\/li>\n\t\t\t\t\t\t\t\t\t\t\t\t\t<li class=\"col-12 col-md-4\">\n\t\t\t\t\t\t\t\t\n\t\t\t\t\t\t\t\t<div class=\"mt-10\">\n\t\t\t\t\t\t\t\t\t\t\t\t\t\t\t\t\t\t\t<h3 class=\"text-xl text-marine  font-heading font-bold leading-tight\">\n\t\t\t\t\t\t\t\t\t\t\tPartners\t\t\t\t\t\t\t\t\t\t<\/h3>\n\t\t\t\t\t\t\t\t\t\t\t\t\t\t\t\t\t\t\t\t\t\t\t\t\t\t\t\t<p class=\"text-base text-marine leading-loose tracking-wide font-normal mt-4\">\n\t\t\t\t\t\t\t\t\t\t\tTodos Pela Educa\u00e7\u00e3o\t\t\t\t\t\t\t\t\t\t<\/p>\n\t\t\t\t\t\t\t\t\t\t\t\t\t\t\t\t\t<\/div>\n\t\t\t\t\t\t\t<\/li>\n\t\t\t\t\t\t\t\t\t\t\t<\/ul>\n\t\t\t\t\t\t\t<\/div>\n\t\t<\/div>\n\t<\/section>\n\t\n\n\t<section id=\"block_5a831748a74360f255888534364120c7\" class=\"white-block white-block--axis-page padding-top-0 padding-bottom-80 padding-top-mobile-80 padding-bottom-mobile-80 white-block relative w-full overflow-hidden\">\n\t\t<div class=\"w-full bg_history\">\n\t\t\t<div class=\"container mx-auto\">\n\t\t\t\t<div class=\"w-full flex flex-col items-center gap-8 mx-auto xm:max-w-4lg xl:max-w-5xl\">\n\t\t\t\t\t\n\t\t\t\t\t\t\t\t\t\t\t<p class=\"white-block__p-content\t\t\t\t\t\tw-full\t\t\t\t\t\ttext-base\t\t\t\t\t\ttext-marine\t\t\t\t\t\tleading-7\t\t\t\t\t\tfont-text\t\t\t\t\t\trelative\t\t\t\t\t\tsm:m-auto\t\t\t\t\t\tsm:text-justify\t\t\t\t\t\tlg:text-xl\t\t\t\t\t\txm:text-lg\t\t\t\t\t\txl:text-lg\t\t\t\t\t\tz-10\">\n\t\t\t\t\t\t\tA Funda\u00e7\u00e3o integrou, junto com o Todos Pela Educa\u00e7\u00e3o, a relatoria t\u00e9cnica do Grupo de Trabalho (GT) Primeira Inf\u00e2ncia do Conselho de Desenvolvimento Econ\u00f4mico e Social Sustent\u00e1vel (Cdess). Esse \u00e9 um dos oito grupos formados a partir do Conselh\u00e3o, \u00f3rg\u00e3o consultivo vinculado \u00e0 Presid\u00eancia da Rep\u00fablica. <br \/>\r\n <br \/>\r\nO GT, composto por diversos conselheiros e representantes da sociedade civil, tem como principais objetivos elevar a prioridade da pauta na agenda do governo federal, de forma intersetorial e transversal, e contribuir para a constru\u00e7\u00e3o de uma Pol\u00edtica Nacional Integrada para a Primeira Inf\u00e2ncia. <br \/>\r\n <br \/>\r\nLan\u00e7ado em agosto de 2023, o GT Primeira Inf\u00e2ncia promoveu debates, rodas de escuta, mapeamentos e reuni\u00f5es t\u00e9cnicas para discutir o avan\u00e7o de pol\u00edticas p\u00fablicas que atendam crian\u00e7as de at\u00e9 6 anos e suas fam\u00edlias. <br \/>\r\n <br \/>\r\nForam realizadas imers\u00f5es e encontros regionais com a inten\u00e7\u00e3o de conhecer as principais pol\u00edticas e pr\u00e1ticas locais para a primeira inf\u00e2ncia em territ\u00f3rios como Recife (PE), Fortaleza (CE), S\u00e3o Paulo (SP) e Boa Vista (RR). Al\u00e9m disso, tamb\u00e9m foram exploradas experi\u00eancias na Col\u00f4mbia, pa\u00eds reconhecido pela pol\u00edtica \u201cDe cero a siempre\u201d  (\u201cDe zero a sempre\u201d , em tradu\u00e7\u00e3o livre), uma estrat\u00e9gia intersetorial do governo federal para aten\u00e7\u00e3o integral \u00e0 primeira inf\u00e2ncia. <br \/>\r\n <br \/>\r\nA partir destes encontros, o GT elaborou um relat\u00f3rio com as diretrizes para a cria\u00e7\u00e3o da Pol\u00edtica Nacional Integrada para a Primeira Inf\u00e2ncia, previsto desde 2016, com a cria\u00e7\u00e3o do Marco Legal da Primeira Inf\u00e2ncia. \t\t\t\t\t\t<\/p>\n\t\t\t\t\t\n\t\t\t\t\t\t\t\t\t<\/div>\n\t\t\t<\/div>\n\t\t<\/div>\n\t<\/section>\n\t\n\n\n\t<section id=\"block_073b08b4e6ba682d8935d94ab24967f3\" class=\"image-text padding-top-0 padding-bottom-120 padding-top-mobile-0 padding-bottom-mobile-80 image-text relative w-full py-20 overflow-hidden\">\n\t\t<div class=\"mobile relative h-auto xm:h-auto xm:w-1\/2\">\n\t\t\t\t\t\t\t<img decoding=\"async\" fetchpriority=\"high\" class=\"hidden xs:block w-full h-full object-cover\" src=\"https:\/\/fundacaomariacecilia.org.br\/wp-content\/uploads\/2024\/08\/plenaria-conselhao-foto-agencia-brasil-interna.jpg\" srcset=\"https:\/\/fundacaomariacecilia.org.br\/wp-content\/uploads\/2024\/08\/plenaria-conselhao-foto-agencia-brasil-interna.jpg\" alt=\"plenaria-conselhao-foto-agencia-brasil-interna\">\n\t\t\t\t\t\t\t\t\t\t<img decoding=\"async\" fetchpriority=\"high\" class=\"xs:hidden w-full h-full\" src=\"https:\/\/fundacaomariacecilia.org.br\/wp-content\/uploads\/2024\/08\/plenaria-conselhao-foto-agencia-brasil-interna.jpg\" srcset=\"https:\/\/fundacaomariacecilia.org.br\/wp-content\/uploads\/2024\/08\/plenaria-conselhao-foto-agencia-brasil-interna.jpg\" alt=\"plenaria-conselhao-foto-agencia-brasil-interna\">\n\t\t\t\t\t<\/div>\n\t\t\t\t<div class=\"overflow-hidden container-infancia w-full mx-auto flex flex-col xs:flex-row-reverse\">\n\t\t\t<div class=\"image-text__content relative flex flex-col justify-center items-start xm:w-1\/2 p-10 px-5  pr-0 xl:pl-20  lg:py-32\" style=\"background-color: #e6e4e4 ;\">\n\t\t\t\t<div class=\"image-text__content-wrap\">\n\t\t\t\t\t\n\t\t\t\t\t\t\t\t\t\t\t<ul class=\"flex flex-col gap-8\">\n\t\t\t\t\t\t\t\t\t\t\t\t\t\t\t<li class=\"flex flex-col gap-3\">\n\t\t\t\t\t\t\t\t\t\t\t\t\t\t\t\t\t\t\t<h3 class=\"max-w-xs xl:max-w-xl text-2xl xl:text-3xg font-bold\"  style=\"color: #1e1d36;\">\n\t\t\t\t\t\t\t\t\t\t\tResults\t\t\t\t\t\t\t\t\t\t<\/h3>\n\t\t\t\t\t\t\t\t\t\n\t\t\t\t\t\t\t\t\t\t\t\t\t\t\t\t\t\t\t<p class=\"max-w-xl text-base xl:text-lg font-text\"  style=\"color: #1e1d36;\">\n\t\t\t\t\t\t\t\t\t\t\tO relat\u00f3rio com as diretrizes foi oficialmente entregue pelo GT \u00e0 Secretaria de Rela\u00e7\u00f5es Institucionais da Presid\u00eancia da Rep\u00fablica no dia 13 de junho. No dia 27 do mesmo m\u00eas, durante reuni\u00e3o plen\u00e1ria do Conselh\u00e3o, o Presidente Lu\u00eds In\u00e1cio Lula da Silva assinou o decreto que estabelece diretrizes para a cria\u00e7\u00e3o de uma Pol\u00edtica Nacional Integrada para Primeira Inf\u00e2ncia. Ser\u00e1 instaurado, tamb\u00e9m, um Comit\u00ea Intersetorial para coordenar sua elabora\u00e7\u00e3o em at\u00e9 120 dias. \t\t\t\t\t\t\t\t\t\t<\/p>\n\t\t\t\t\t\t\t\t\t\n\t\t\t\t\t\t\t\t\t\t\t\t\t\t\t\t\t\t\t<a class=\"fmc-button fmc-button-secondary-marine fmc-button-small button-rounded button-fit\" href=\"https:\/\/biblioteca.fmcsv.org.br\/biblioteca\/relatorio-de-recomendacoes-para-a-construcao-da-politica-nacional-integrada-para-a-primeira-infancia\/\" title=\"Leia o relat\u00f3rio do GT Primeira Inf\u00e2ncia \" target=\"_blank\">\n\t\t\t\t\t\t\t\t\t\t\tLeia o relat\u00f3rio do GT Primeira Inf\u00e2ncia \t\t\t\t\t\t\t\t\t\t<\/a>\n\t\t\t\t\t\t\t\t\t\t\t\t\t\t\t\t\t<\/li>\n\t\t\t\t\t\t\t\t\t\t\t\t\t<\/ul>\n\t\t\t\t\t\t\t\t\t<\/div>\n\t\t\t<\/div>\n\n\t\t\t<div class=\"desktop relative h-auto xm:h-auto xm:w-1\/2\">\n\t\t\t\t\t\t\t\t\t<img decoding=\"async\" fetchpriority=\"high\" class=\"hidden xs:block w-full h-full object-cover\" src=\"https:\/\/fundacaomariacecilia.org.br\/wp-content\/uploads\/2024\/08\/plenaria-conselhao-foto-agencia-brasil-interna.jpg\" srcset=\"https:\/\/fundacaomariacecilia.org.br\/wp-content\/uploads\/2024\/08\/plenaria-conselhao-foto-agencia-brasil-interna.jpg\" alt=\"plenaria-conselhao-foto-agencia-brasil-interna\">\n\t\t\t\t\t\t\t\t\t\t\t\t\t<img decoding=\"async\" fetchpriority=\"high\" class=\"xs:hidden w-full h-full\" src=\"https:\/\/fundacaomariacecilia.org.br\/wp-content\/uploads\/2024\/08\/plenaria-conselhao-foto-agencia-brasil-interna.jpg\" srcset=\"https:\/\/fundacaomariacecilia.org.br\/wp-content\/uploads\/2024\/08\/plenaria-conselhao-foto-agencia-brasil-interna.jpg\" alt=\"plenaria-conselhao-foto-agencia-brasil-interna\">\n\t\t\t\t\t\t\t<\/div>\n\t\t<\/div>\n\t\t\t<\/section>","protected":false},"excerpt":{"rendered":"","protected":false},"author":5,"featured_media":0,"parent":371,"menu_order":0,"comment_status":"closed","ping_status":"closed","template":"page-portfolio.php","meta":{"footnotes":""},"class_list":["post-7064","page","type-page","status-publish","hentry"],"acf":[],"yoast_head":"<!-- This site is optimized with the Yoast SEO plugin v24.4 - https:\/\/yoast.com\/wordpress\/plugins\/seo\/ -->\n<title>Relatoria t\u00e9cnica no GT Primeira Inf\u00e2ncia do Conselh\u00e3o - Funda\u00e7\u00e3o Maria Cecilia Souto Vidigal<\/title>\n<meta name=\"robots\" content=\"index, follow, max-snippet:-1, max-image-preview:large, max-video-preview:-1\" \/>\n<link rel=\"canonical\" href=\"https:\/\/fmcsv.sandbox.dev.br\/eixo-02\/\" \/>\n<meta property=\"og:locale\" content=\"en_US\" \/>\n<meta property=\"og:type\" content=\"article\" \/>\n<meta property=\"og:title\" content=\"Relatoria t\u00e9cnica no GT Primeira Inf\u00e2ncia do Conselh\u00e3o - Funda\u00e7\u00e3o Maria Cecilia Souto Vidigal\" \/>\n<meta property=\"og:url\" content=\"https:\/\/fmcsv.sandbox.dev.br\/eixo-02\/\" \/>\n<meta property=\"og:site_name\" content=\"Funda\u00e7\u00e3o Maria Cecilia Souto Vidigal\" \/>\n<meta property=\"article:publisher\" content=\"https:\/\/www.facebook.com\/FundacaoMariaCeciliaSoutoVidigal\/\" \/>\n<meta property=\"article:modified_time\" content=\"2024-08-07T02:02:02+00:00\" \/>\n<meta name=\"twitter:card\" content=\"summary_large_image\" \/>\n<script type=\"application\/ld+json\" class=\"yoast-schema-graph\">{\"@context\":\"https:\/\/schema.org\",\"@graph\":[{\"@type\":\"WebPage\",\"@id\":\"https:\/\/fmcsv.sandbox.dev.br\/eixo-02\/\",\"url\":\"https:\/\/fmcsv.sandbox.dev.br\/eixo-02\/\",\"name\":\"Relatoria t\u00e9cnica no GT Primeira Inf\u00e2ncia do Conselh\u00e3o - Funda\u00e7\u00e3o Maria Cecilia Souto Vidigal\",\"isPartOf\":{\"@id\":\"https:\/\/fmcsv.sandbox.dev.br\/#website\"},\"datePublished\":\"2023-08-01T14:36:27+00:00\",\"dateModified\":\"2024-08-07T02:02:02+00:00\",\"breadcrumb\":{\"@id\":\"https:\/\/fmcsv.sandbox.dev.br\/eixo-02\/#breadcrumb\"},\"inLanguage\":\"en-US\",\"potentialAction\":[{\"@type\":\"ReadAction\",\"target\":[\"https:\/\/fmcsv.sandbox.dev.br\/eixo-02\/\"]}]},{\"@type\":\"BreadcrumbList\",\"@id\":\"https:\/\/fmcsv.sandbox.dev.br\/eixo-02\/#breadcrumb\",\"itemListElement\":[{\"@type\":\"ListItem\",\"position\":1,\"name\":\"In\u00edcio\",\"item\":\"https:\/\/fundacaomariacecilia.org.br\/\"},{\"@type\":\"ListItem\",\"position\":2,\"name\":\"Eixo 02\"}]},{\"@type\":\"WebSite\",\"@id\":\"https:\/\/fmcsv.sandbox.dev.br\/#website\",\"url\":\"https:\/\/fmcsv.sandbox.dev.br\/\",\"name\":\"Funda\u00e7\u00e3o Maria Cecilia Souto Vidigal\",\"description\":\"Cuidar de cada crian\u00e7a \u00e9 cuidar do pa\u00eds inteiro\",\"publisher\":{\"@id\":\"https:\/\/fmcsv.sandbox.dev.br\/#organization\"},\"potentialAction\":[{\"@type\":\"SearchAction\",\"target\":{\"@type\":\"EntryPoint\",\"urlTemplate\":\"https:\/\/fmcsv.sandbox.dev.br\/?s={search_term_string}\"},\"query-input\":{\"@type\":\"PropertyValueSpecification\",\"valueRequired\":true,\"valueName\":\"search_term_string\"}}],\"inLanguage\":\"en-US\"},{\"@type\":\"Organization\",\"@id\":\"https:\/\/fmcsv.sandbox.dev.br\/#organization\",\"name\":\"Funda\u00e7\u00e3o Maria Cecilia Souto Vidigal\",\"url\":\"https:\/\/fmcsv.sandbox.dev.br\/\",\"logo\":{\"@type\":\"ImageObject\",\"inLanguage\":\"en-US\",\"@id\":\"https:\/\/fmcsv.sandbox.dev.br\/#\/schema\/logo\/image\/\",\"url\":\"https:\/\/fundacaomariacecilia.org.br\/wp-content\/uploads\/2024\/04\/Logo.svg\",\"contentUrl\":\"https:\/\/fundacaomariacecilia.org.br\/wp-content\/uploads\/2024\/04\/Logo.svg\",\"caption\":\"Funda\u00e7\u00e3o Maria Cecilia Souto Vidigal\"},\"image\":{\"@id\":\"https:\/\/fmcsv.sandbox.dev.br\/#\/schema\/logo\/image\/\"},\"sameAs\":[\"https:\/\/www.facebook.com\/FundacaoMariaCeciliaSoutoVidigal\/\",\"https:\/\/www.linkedin.com\/company\/fmcsv\/\",\"https:\/\/www.instagram.com\/fundacaomariacecilia\/\"]}]}<\/script>\n<!-- \/ Yoast SEO plugin. -->","yoast_head_json":{"title":"Relatoria t\u00e9cnica no GT Primeira Inf\u00e2ncia do Conselh\u00e3o - Funda\u00e7\u00e3o Maria Cecilia Souto Vidigal","robots":{"index":"index","follow":"follow","max-snippet":"max-snippet:-1","max-image-preview":"max-image-preview:large","max-video-preview":"max-video-preview:-1"},"canonical":"https:\/\/fmcsv.sandbox.dev.br\/eixo-02\/","og_locale":"en_US","og_type":"article","og_title":"Relatoria t\u00e9cnica no GT Primeira Inf\u00e2ncia do Conselh\u00e3o - Funda\u00e7\u00e3o Maria Cecilia Souto Vidigal","og_url":"https:\/\/fmcsv.sandbox.dev.br\/eixo-02\/","og_site_name":"Funda\u00e7\u00e3o Maria Cecilia Souto Vidigal","article_publisher":"https:\/\/www.facebook.com\/FundacaoMariaCeciliaSoutoVidigal\/","article_modified_time":"2024-08-07T02:02:02+00:00","twitter_card":"summary_large_image","schema":{"@context":"https:\/\/schema.org","@graph":[{"@type":"WebPage","@id":"https:\/\/fmcsv.sandbox.dev.br\/eixo-02\/","url":"https:\/\/fmcsv.sandbox.dev.br\/eixo-02\/","name":"Relatoria t\u00e9cnica no GT Primeira Inf\u00e2ncia do Conselh\u00e3o - Funda\u00e7\u00e3o Maria Cecilia Souto Vidigal","isPartOf":{"@id":"https:\/\/fmcsv.sandbox.dev.br\/#website"},"datePublished":"2023-08-01T14:36:27+00:00","dateModified":"2024-08-07T02:02:02+00:00","breadcrumb":{"@id":"https:\/\/fmcsv.sandbox.dev.br\/eixo-02\/#breadcrumb"},"inLanguage":"en-US","potentialAction":[{"@type":"ReadAction","target":["https:\/\/fmcsv.sandbox.dev.br\/eixo-02\/"]}]},{"@type":"BreadcrumbList","@id":"https:\/\/fmcsv.sandbox.dev.br\/eixo-02\/#breadcrumb","itemListElement":[{"@type":"ListItem","position":1,"name":"In\u00edcio","item":"https:\/\/fundacaomariacecilia.org.br\/"},{"@type":"ListItem","position":2,"name":"Eixo 02"}]},{"@type":"WebSite","@id":"https:\/\/fmcsv.sandbox.dev.br\/#website","url":"https:\/\/fmcsv.sandbox.dev.br\/","name":"Funda\u00e7\u00e3o Maria Cecilia Souto Vidigal","description":"Caring for every child is caring for the whole country","publisher":{"@id":"https:\/\/fmcsv.sandbox.dev.br\/#organization"},"potentialAction":[{"@type":"SearchAction","target":{"@type":"EntryPoint","urlTemplate":"https:\/\/fmcsv.sandbox.dev.br\/?s={search_term_string}"},"query-input":{"@type":"PropertyValueSpecification","valueRequired":true,"valueName":"search_term_string"}}],"inLanguage":"en-US"},{"@type":"Organization","@id":"https:\/\/fmcsv.sandbox.dev.br\/#organization","name":"Funda\u00e7\u00e3o Maria Cecilia Souto Vidigal","url":"https:\/\/fmcsv.sandbox.dev.br\/","logo":{"@type":"ImageObject","inLanguage":"en-US","@id":"https:\/\/fmcsv.sandbox.dev.br\/#\/schema\/logo\/image\/","url":"https:\/\/fundacaomariacecilia.org.br\/wp-content\/uploads\/2024\/04\/Logo.svg","contentUrl":"https:\/\/fundacaomariacecilia.org.br\/wp-content\/uploads\/2024\/04\/Logo.svg","caption":"Funda\u00e7\u00e3o Maria Cecilia Souto Vidigal"},"image":{"@id":"https:\/\/fmcsv.sandbox.dev.br\/#\/schema\/logo\/image\/"},"sameAs":["https:\/\/www.facebook.com\/FundacaoMariaCeciliaSoutoVidigal\/","https:\/\/www.linkedin.com\/company\/fmcsv\/","https:\/\/www.instagram.com\/fundacaomariacecilia\/"]}]}},"_links":{"self":[{"href":"https:\/\/fundacaomariacecilia.org.br\/en\/wp-json\/wp\/v2\/pages\/7064"}],"collection":[{"href":"https:\/\/fundacaomariacecilia.org.br\/en\/wp-json\/wp\/v2\/pages"}],"about":[{"href":"https:\/\/fundacaomariacecilia.org.br\/en\/wp-json\/wp\/v2\/types\/page"}],"author":[{"embeddable":true,"href":"https:\/\/fundacaomariacecilia.org.br\/en\/wp-json\/wp\/v2\/users\/5"}],"replies":[{"embeddable":true,"href":"https:\/\/fundacaomariacecilia.org.br\/en\/wp-json\/wp\/v2\/comments?post=7064"}],"version-history":[{"count":79,"href":"https:\/\/fundacaomariacecilia.org.br\/en\/wp-json\/wp\/v2\/pages\/7064\/revisions"}],"predecessor-version":[{"id":11071,"href":"https:\/\/fundacaomariacecilia.org.br\/en\/wp-json\/wp\/v2\/pages\/7064\/revisions\/11071"}],"up":[{"embeddable":true,"href":"https:\/\/fundacaomariacecilia.org.br\/en\/wp-json\/wp\/v2\/pages\/371"}],"wp:attachment":[{"href":"https:\/\/fundacaomariacecilia.org.br\/en\/wp-json\/wp\/v2\/media?parent=7064"}],"curies":[{"name":"wp","href":"https:\/\/api.w.org\/{rel}","templated":true}]}}